{"id":672,"date":"2022-05-16T15:06:07","date_gmt":"2022-05-16T15:06:07","guid":{"rendered":"https:\/\/www.antonkrutov.com\/hjem\/"},"modified":"2025-01-24T10:16:55","modified_gmt":"2025-01-24T10:16:55","slug":"hjem","status":"publish","type":"page","link":"https:\/\/www.antonkrutov.com\/da\/","title":{"rendered":"Hjem"},"content":{"rendered":"\r\n\r\n<div class=\"hero-section\">\r\n            <video id=\"video\" preload poster=\"https:\/\/www.antonkrutov.com\/wp-content\/uploads\/2023\/11\/DSC03901-scaled-e1698834465170.jpg\">\r\n            <source src=\"https:\/\/www.antonkrutov.com\/wp-content\/uploads\/2023\/11\/SAX2VIOLIN-PROMO.mov\" type=\"video\/mp4\">\r\n        <\/video>\r\n                    <span class=\"image-text\">\r\n                Foto: Zlatan Softic            <\/span>\r\n                <div class=\"play\">\r\n            <?xml version=\"1.0\" encoding=\"UTF-8\"?>\n<svg width=\"120px\" height=\"120px\" viewBox=\"0 0 120 120\" version=\"1.1\" xmlns=\"http:\/\/www.w3.org\/2000\/svg\" xmlns:xlink=\"http:\/\/www.w3.org\/1999\/xlink\">\n    <title>Play_normal<\/title>\n    <g id=\"Sources\" stroke=\"none\" stroke-width=\"1\" fill=\"none\" fill-rule=\"evenodd\">\n        <g id=\"Play_normal\">\n            <g id=\"Group-2\" stroke=\"#FFFFFF\" stroke-width=\"3\">\n                <circle id=\"Oval\" cx=\"60\" cy=\"60\" r=\"58.5\"><\/circle>\n            <\/g>\n            <path d=\"M76.3244648,59.5239382 L52.82574,73.88427 C52.2602346,74.2298567 51.5216485,74.0515773 51.1760618,73.4860718 C51.0609227,73.2976623 51,73.0811375 51,72.8603318 L51,44.1396682 C51,43.4769265 51.5372583,42.9396682 52.2,42.9396682 C52.4208057,42.9396682 52.6373305,43.0005909 52.82574,43.11573 L76.3244648,57.4760618 C76.8899702,57.8216485 77.0682496,58.5602346 76.722663,59.12574 C76.6233946,59.2881791 76.4869038,59.4246699 76.3244648,59.5239382 Z\" id=\"Path-Copy\" fill=\"#FFFFFF\"><\/path>\n        <\/g>\n    <\/g>\n<\/svg>        <\/div>\r\n        <div class=\"replay\">\r\n            <?xml version=\"1.0\" encoding=\"UTF-8\"?>\n<svg width=\"120px\" height=\"115px\" viewBox=\"0 0 120 115\" version=\"1.1\" xmlns=\"http:\/\/www.w3.org\/2000\/svg\" xmlns:xlink=\"http:\/\/www.w3.org\/1999\/xlink\">\n    <title>Fill 2<\/title>\n    <g id=\"Page-1\" stroke=\"none\" stroke-width=\"1\" fill=\"none\" fill-rule=\"evenodd\">\n        <g id=\"Index-Copy-5\" transform=\"translate(-1049.000000, -587.000000)\" fill=\"#FFFFFF\">\n            <g id=\"Fill-2\" transform=\"translate(1049.000000, 587.000000)\">\n                <path d=\"M111.226024,36.1946626 C112.108069,31.8275763 112.995419,27.461814 113.870168,23.0934038 C114.56254,19.6378649 115.235016,16.1776921 115.930041,12.7221532 C116.016256,12.2931897 116.109102,11.8364231 116.329282,11.4690239 C116.839939,10.6163928 117.58603,9.94911631 118.636525,10.2715009 C119.725485,10.6058011 120.162528,11.5087427 119.946328,12.6294759 C119.36272,15.6573753 118.748604,18.6799789 118.141121,21.7032445 C116.730513,28.7215632 115.329189,35.7418678 113.897359,42.7562147 C113.443736,44.9837795 112.623368,45.4676873 110.38974,45.0234983 C100.704492,43.0997826 91.0172552,41.1853346 81.3313446,39.2675767 C81.0607625,39.2139563 80.7808957,39.190125 80.5209247,39.1040675 C79.3404439,38.711513 78.5691523,37.9561931 78.8490191,36.6454714 C79.1229172,35.358581 80.1256626,35.0891549 81.2895635,35.3069466 C83.8919266,35.7935023 86.4923002,36.2939597 89.090021,36.8076567 C95.3134092,38.0382787 101.534808,39.2808163 107.758196,40.5134243 C107.961796,40.5538051 108.17667,40.5399035 108.512245,40.557777 C108.309308,39.2609569 107.787377,38.1839144 107.302584,37.1062099 C99.2806203,19.2976069 85.8602788,8.01547087 66.4944262,4.63804567 C39.8274993,-0.0136922605 11.5795241,16.3438493 5.13197719,46.2786136 C-1.04498766,74.9622346 16.6363587,102.848831 45.1602215,109.612949 C60.1907918,113.177053 74.3207481,110.788627 87.2649182,102.165005 C87.4486222,102.042538 87.6309998,101.917424 87.8160302,101.796944 C88.9673305,101.053539 90.1345474,100.931073 91.1047965,102.014735 C91.8263487,102.819704 91.3163545,104.174116 90.0085411,105.06117 C83.5384456,109.447454 76.5072902,112.53096 68.7990164,113.966796 C38.6821678,119.57642 11.2598659,101.757225 2.68082171,74.742457 C-7.45406952,42.8283705 12.1352785,8.85684826 44.7894975,1.44994693 C71.8244956,-4.68264169 99.0206492,9.07199197 110.148338,34.504626 C110.38775,35.052746 110.631805,35.598218 110.873869,36.145014 C110.991254,36.1615636 111.108639,36.1781131 111.226024,36.1946626\" id=\"Fill-1\"><\/path>\n            <\/g>\n        <\/g>\n    <\/g>\n<\/svg>        <\/div>\r\n        <div class=\"hero-text\">\r\n                            <span>Anton Krutov<\/span>\r\n                                        <h1>Saxofonist<\/h1>\r\n                                        <p>Energi, passion, scenen\u00e6rv\u00e6r og hundredevis af optr\u00e6dener i Sverige og udlandet! Saxofonisten Anton Krutov har som m\u00e5l at levere DJ- og liveunderholdning af h\u00f8jeste kvalitet i Norden. For at g\u00f8re dette muligt samarbejder han aktivt med Nordens f\u00f8rende DJs, musikere og entertainere.<\/p>\n                    <\/div>\r\n                        <div class=\"hero-boxes\">\r\n            <div class=\"container\">\r\n                <div class=\"row\">\r\n                                            <div class=\"col-12 col-lg-4 col-sm-4\">\r\n                            <div class=\"box\">\r\n                                <a href=\"https:\/\/www.antonkrutov.com\/da\/fest\/\">\r\n                                    <img decoding=\"async\" src=\"https:\/\/www.antonkrutov.com\/wp-content\/uploads\/2022\/12\/Fest-500x350.jpg\" width=\"440\" height=\"350\"\/>\r\n                                <\/a>\r\n                                <span>\r\n                                    <a href=\"https:\/\/www.antonkrutov.com\/da\/fest\/\">Fest<\/a>\r\n                                <\/span>\r\n                            <\/div>\r\n                        <\/div>\r\n                                            <div class=\"col-12 col-lg-4 col-sm-4\">\r\n                            <div class=\"box\">\r\n                                <a href=\"https:\/\/www.antonkrutov.com\/da\/mingling\/\">\r\n                                    <img decoding=\"async\" src=\"https:\/\/www.antonkrutov.com\/wp-content\/uploads\/2022\/12\/Mingel-500x350.jpg\" width=\"440\" height=\"350\"\/>\r\n                                <\/a>\r\n                                <span>\r\n                                    <a href=\"https:\/\/www.antonkrutov.com\/da\/mingling\/\">Mingling<\/a>\r\n                                <\/span>\r\n                            <\/div>\r\n                        <\/div>\r\n                                            <div class=\"col-12 col-lg-4 col-sm-4\">\r\n                            <div class=\"box\">\r\n                                <a href=\"https:\/\/www.antonkrutov.com\/da\/sax2violin\/\">\r\n                                    <img decoding=\"async\" src=\"https:\/\/www.antonkrutov.com\/wp-content\/uploads\/2024\/11\/image3-e1731421397717-500x350.jpeg\" width=\"440\" height=\"350\"\/>\r\n                                <\/a>\r\n                                <span>\r\n                                    <a href=\"https:\/\/www.antonkrutov.com\/da\/sax2violin\/\">Sax2Violin<\/a>\r\n                                <\/span>\r\n                            <\/div>\r\n                        <\/div>\r\n                                    <\/div>\r\n            <\/div>\r\n        <\/div>\r\n    <\/div>","protected":false},"excerpt":{"rendered":"","protected":false},"author":3,"featured_media":0,"parent":0,"menu_order":-100,"comment_status":"closed","ping_status":"closed","template":"","meta":{"_acf_changed":false,"inline_featured_image":false,"footnotes":""},"class_list":["post-672","page","type-page","status-publish","hentry"],"acf":[],"yoast_head":"<!-- This site is optimized with the Yoast SEO plugin v23.8 - https:\/\/yoast.com\/wordpress\/plugins\/seo\/ -->\n<title>Saxofonisten fra Sydsverige - Anton Krutov Entertainment<\/title>\n<meta name=\"description\" content=\"Saxofonisten Anton Krutov har som m\u00e5l at levere DJ- og liveunderholdning af h\u00f8jeste kvalitet i Norden. Book i dag!\" \/>\n<meta name=\"robots\" content=\"index, follow, max-snippet:-1, max-image-preview:large, max-video-preview:-1\" \/>\n<link rel=\"canonical\" href=\"https:\/\/www.antonkrutov.com\/da\/\" \/>\n<meta property=\"og:locale\" content=\"da_DK\" \/>\n<meta property=\"og:type\" content=\"article\" \/>\n<meta property=\"og:title\" content=\"Saxofonisten fra Sydsverige - Anton Krutov Entertainment\" \/>\n<meta property=\"og:description\" content=\"Saxofonisten Anton Krutov har som m\u00e5l at levere DJ- og liveunderholdning af h\u00f8jeste kvalitet i Norden. Book i dag!\" \/>\n<meta property=\"og:url\" content=\"https:\/\/www.antonkrutov.com\/da\/\" \/>\n<meta property=\"og:site_name\" content=\"Anton Krutov\" \/>\n<meta property=\"article:modified_time\" content=\"2025-01-24T10:16:55+00:00\" \/>\n<meta name=\"twitter:card\" content=\"summary_large_image\" \/>\n<script type=\"application\/ld+json\" class=\"yoast-schema-graph\">{\"@context\":\"https:\/\/schema.org\",\"@graph\":[{\"@type\":\"WebPage\",\"@id\":\"https:\/\/www.antonkrutov.com\/da\/\",\"url\":\"https:\/\/www.antonkrutov.com\/da\/\",\"name\":\"Saxofonisten fra Sydsverige - Anton Krutov Entertainment\",\"isPartOf\":{\"@id\":\"https:\/\/www.antonkrutov.com\/da\/#website\"},\"datePublished\":\"2022-05-16T15:06:07+00:00\",\"dateModified\":\"2025-01-24T10:16:55+00:00\",\"description\":\"Saxofonisten Anton Krutov har som m\u00e5l at levere DJ- og liveunderholdning af h\u00f8jeste kvalitet i Norden. Book i dag!\",\"breadcrumb\":{\"@id\":\"https:\/\/www.antonkrutov.com\/da\/#breadcrumb\"},\"inLanguage\":\"da-DK\",\"potentialAction\":[{\"@type\":\"ReadAction\",\"target\":[\"https:\/\/www.antonkrutov.com\/da\/\"]}]},{\"@type\":\"BreadcrumbList\",\"@id\":\"https:\/\/www.antonkrutov.com\/da\/#breadcrumb\",\"itemListElement\":[{\"@type\":\"ListItem\",\"position\":1,\"name\":\"Hem\",\"item\":\"https:\/\/www.antonkrutov.com\/da\/hjem\/\"},{\"@type\":\"ListItem\",\"position\":2,\"name\":\"Hjem\"}]},{\"@type\":\"WebSite\",\"@id\":\"https:\/\/www.antonkrutov.com\/da\/#website\",\"url\":\"https:\/\/www.antonkrutov.com\/da\/\",\"name\":\"Anton Krutov\",\"description\":\"Saxplayer\",\"potentialAction\":[{\"@type\":\"SearchAction\",\"target\":{\"@type\":\"EntryPoint\",\"urlTemplate\":\"https:\/\/www.antonkrutov.com\/da\/?s={search_term_string}\"},\"query-input\":{\"@type\":\"PropertyValueSpecification\",\"valueRequired\":true,\"valueName\":\"search_term_string\"}}],\"inLanguage\":\"da-DK\"}]}<\/script>\n<!-- \/ Yoast SEO plugin. -->","yoast_head_json":{"title":"Saxofonisten fra Sydsverige - Anton Krutov Entertainment","description":"Saxofonisten Anton Krutov har som m\u00e5l at levere DJ- og liveunderholdning af h\u00f8jeste kvalitet i Norden. Book i dag!","robots":{"index":"index","follow":"follow","max-snippet":"max-snippet:-1","max-image-preview":"max-image-preview:large","max-video-preview":"max-video-preview:-1"},"canonical":"https:\/\/www.antonkrutov.com\/da\/","og_locale":"da_DK","og_type":"article","og_title":"Saxofonisten fra Sydsverige - Anton Krutov Entertainment","og_description":"Saxofonisten Anton Krutov har som m\u00e5l at levere DJ- og liveunderholdning af h\u00f8jeste kvalitet i Norden. Book i dag!","og_url":"https:\/\/www.antonkrutov.com\/da\/","og_site_name":"Anton Krutov","article_modified_time":"2025-01-24T10:16:55+00:00","twitter_card":"summary_large_image","schema":{"@context":"https:\/\/schema.org","@graph":[{"@type":"WebPage","@id":"https:\/\/www.antonkrutov.com\/da\/","url":"https:\/\/www.antonkrutov.com\/da\/","name":"Saxofonisten fra Sydsverige - Anton Krutov Entertainment","isPartOf":{"@id":"https:\/\/www.antonkrutov.com\/da\/#website"},"datePublished":"2022-05-16T15:06:07+00:00","dateModified":"2025-01-24T10:16:55+00:00","description":"Saxofonisten Anton Krutov har som m\u00e5l at levere DJ- og liveunderholdning af h\u00f8jeste kvalitet i Norden. Book i dag!","breadcrumb":{"@id":"https:\/\/www.antonkrutov.com\/da\/#breadcrumb"},"inLanguage":"da-DK","potentialAction":[{"@type":"ReadAction","target":["https:\/\/www.antonkrutov.com\/da\/"]}]},{"@type":"BreadcrumbList","@id":"https:\/\/www.antonkrutov.com\/da\/#breadcrumb","itemListElement":[{"@type":"ListItem","position":1,"name":"Hem","item":"https:\/\/www.antonkrutov.com\/da\/hjem\/"},{"@type":"ListItem","position":2,"name":"Hjem"}]},{"@type":"WebSite","@id":"https:\/\/www.antonkrutov.com\/da\/#website","url":"https:\/\/www.antonkrutov.com\/da\/","name":"Anton Krutov","description":"Saxplayer","potentialAction":[{"@type":"SearchAction","target":{"@type":"EntryPoint","urlTemplate":"https:\/\/www.antonkrutov.com\/da\/?s={search_term_string}"},"query-input":{"@type":"PropertyValueSpecification","valueRequired":true,"valueName":"search_term_string"}}],"inLanguage":"da-DK"}]}},"_links":{"self":[{"href":"https:\/\/www.antonkrutov.com\/da\/wp-json\/wp\/v2\/pages\/672","targetHints":{"allow":["GET"]}}],"collection":[{"href":"https:\/\/www.antonkrutov.com\/da\/wp-json\/wp\/v2\/pages"}],"about":[{"href":"https:\/\/www.antonkrutov.com\/da\/wp-json\/wp\/v2\/types\/page"}],"author":[{"embeddable":true,"href":"https:\/\/www.antonkrutov.com\/da\/wp-json\/wp\/v2\/users\/3"}],"replies":[{"embeddable":true,"href":"https:\/\/www.antonkrutov.com\/da\/wp-json\/wp\/v2\/comments?post=672"}],"version-history":[{"count":18,"href":"https:\/\/www.antonkrutov.com\/da\/wp-json\/wp\/v2\/pages\/672\/revisions"}],"predecessor-version":[{"id":713,"href":"https:\/\/www.antonkrutov.com\/da\/wp-json\/wp\/v2\/pages\/672\/revisions\/713"}],"wp:attachment":[{"href":"https:\/\/www.antonkrutov.com\/da\/wp-json\/wp\/v2\/media?parent=672"}],"curies":[{"name":"wp","href":"https:\/\/api.w.org\/{rel}","templated":true}]}}